{"id":54,"date":"2024-07-03T07:05:47","date_gmt":"2024-07-03T07:05:47","guid":{"rendered":"https:\/\/safemedicinepharma.com\/pt\/?post_type=product&#038;p=54"},"modified":"2025-08-12T10:06:32","modified_gmt":"2025-08-12T10:06:32","slug":"adderall-xr","status":"publish","type":"product","link":"https:\/\/safemedicinepharma.com\/pt\/product\/adderall-xr\/","title":{"rendered":"Adderall xr"},"content":{"rendered":"<h1>Buy Adderall XR online<\/h1>\n<p><a href=\"https:\/\/safemedicinepharma.com\/pt\/product\/adderall-xr\/\">Buy Adderall XR online<\/a> (&#8220;XR&#8221; stands for extended release) meaning that it is designed to release its active ingredients gradually over a longer period, is a prescription medication known for its effectiveness in treating attention deficit Transtorno da hiperatividade (TDAH) e narcolepsia. \u00c9 uma combina\u00e7\u00e3o de anfetamina e dextroanfetamina, que s\u00e3o estimulantes do sistema nervoso central que afetam os produtos qu\u00edmicos no c\u00e9rebro e nos nervos que contribuem para a hiperatividade e o controle de impulsos. Compre o adderall xr 20mg online. Compre adderall xr on -line no conforto da sua casa. Optar por encomendar o Xanax Online fornece uma alternativa discreta e confidencial. <\/li>\n<li> <strong> Acesso \u00e0 informa\u00e7\u00e3o <\/strong>: a farm\u00e1cia da MedSafe geralmente fornece informa\u00e7\u00f5es extensas sobre o adderall XR, incluindo dosagem, efeitos colaterais e usos para fazer com que as farm\u00e1cias on -line seja um local ideal para comprar medicamentos tradicionais. eles para fornecer op\u00e7\u00f5es de pre\u00e7os mais atraentes. A MedSafe Pharmacy tamb\u00e9m oferece descontos e ofertas promocionais. Compre barato adderall xr online. <\/li>\n<li> <strong> Disponibilidade <\/strong>: Para pacientes que vivem em \u00e1reas remotas, o acesso a medicamentos espec\u00edficos pode ser limitado. As farm\u00e1cias on -line geralmente fornecem medicamentos que podem n\u00e3o estar prontamente dispon\u00edveis nas lojas locais. <\/li>\n<\/ol>\n<p> Entre em contato com a MedSafe Pharmacy hoje para obter os melhores pre\u00e7os e a melhor experi\u00eancia de compra quando se trata de comprar o foco do adderall XR. Hiperatividade e impulsividade <\/li>\n<li> Melhora a fun\u00e7\u00e3o cognitiva em indiv\u00edduos com TDAH <\/li>\n<li> Gerenciar sintomas de narcolepsia, incluindo sonol\u00eancia diurna excessiva <\/li>\n<\/ul>\n<h3> dosagem e administra\u00e7\u00e3o <\/h3>\n<ul>\n<li> <strong> Dosagem : Adderll xr Xr, que est\u00e1 dispon\u00edvel, a dose, a dose, a dosagem e a administra\u00e7\u00e3o est\u00e1 dispon\u00edvel em 5 anos, a dosagem e a administra\u00e7\u00e3o est\u00e1\n<li>\n<li> <strong> Dosagem : Adderll xr. dependendo das necessidades e resposta do paciente ao medicamento. Compre adderall xr 20mg online. A formula\u00e7\u00e3o de libera\u00e7\u00e3o estendida permite a libera\u00e7\u00e3o gradual do medicamento ao longo do dia, proporcionando al\u00edvio sustentado dos sintomas. Abaixo est\u00e3o algumas dicas sobre como comprar o adderall xr on -line com seguran\u00e7a: <\/p>\n<li> <strong> Escolha farm\u00e1cias respeit\u00e1veis <\/strong>: verifique se a farm\u00e1cia on -line mant\u00e9m as licen\u00e7as necess\u00e1rias e os aderimos a Sintards regulat\u00f3rios em suas opera\u00e7\u00f5es. Para garantir que seja apropriado para sua condi\u00e7\u00e3o. Isso ajuda a melhorar o controle da concentra\u00e7\u00e3o, aten\u00e7\u00e3o e impulso em indiv\u00edduos com TDAH, promovendo um estado mais equilibrado e focado. Compre adderall xr 25mg online, compre adderall xr sem receita m\u00e9dica. <\/p>\n<h3> adderall xr para venda online: seguran\u00e7a e considera\u00e7\u00f5es <\/h3>\n<ul>\n<li> <strong> Seguran\u00e7a <\/strong>: o adderall xr deve ser tomado exatamente como prescrito para minimizar o risco de efeitos colaterais e depend\u00eancia. Efeitos colaterais graves, como problemas card\u00edacos e sintomas psiqui\u00e1tricos, podem ocorrer com uso indevido ou uso excessivo. O uso a longo prazo pode levar \u00e0 depend\u00eancia, e o uso indevido deste medicamento pode resultar em s\u00e9rios problemas de sa\u00fade, incluindo problemas card\u00edacos ou derrames. Para obter mais informa\u00e7\u00f5es sobre os poss\u00edveis efeitos colaterais, usos ou risco, entre em contato com a MedSafe Pharmacy. Compre adderall xr 30mg online. <\/p>\n<h2> FAQ sobre a compra de adderall xr online <\/h2>\n<p> <strong> \u00c9 legal comprar adderall xr online? <\/strong>: Sim, para solicitar a adderall xr online da Medsafe Pharmacy \u00e9 legal porque somos uma farm\u00e1cia on -line. Na Medsafe farm\u00e1cia, voc\u00ea pode comprar o adderall xr on -line sem receita m\u00e9dica e ser\u00e1 enviado e entregue discretamente \u00e0 sua porta. Todos os nossos medicamentos s\u00e3o originais e, quando voc\u00ea compra adderall xr, voc\u00ea tem qualidade garantida. <\/p>\n<p> <strong> Onde posso comprar o adderall xr online? Enviamos discretamente em todo o mundo e todos os nossos medicamentos s\u00e3o originais. Voc\u00ea pode reabastecer todos os seus medicamentos sem receita m\u00e9dica apenas aqui na MedSafe Pharmacy. Sempre priorize sua sa\u00fade e seguran\u00e7a, garantindo que voc\u00ea siga os procedimentos legais adequados e consulte os profissionais de sa\u00fade. Ao tomar as precau\u00e7\u00f5es necess\u00e1rias, voc\u00ea pode garantir um tratamento seguro e eficaz para TDAH ou narcolepsia enquanto navega na paisagem farmac\u00eautica on -line com responsabilidade. \u00c9 essencial que os pacientes sigam cuidadosamente as instru\u00e7\u00f5es de seus profissionais de sa\u00fade para garantir o uso seguro e ben\u00e9fico. Monitoramento regular e comunica\u00e7\u00e3o aberta com os profissionais de sa\u00fade podem ajudar a otimizar os resultados do tratamento, minimizando os riscos associados a medicamentos estimulantes. <\/p>\n","protected":false},"excerpt":{"rendered":"<p> Usado para tratar TDAH e narcolepsia. Cont\u00e9m anfetamina e dextroanfetamina. <\/p>\n","protected":false},"featured_media":332,"comment_status":"open","ping_status":"closed","template":"","meta":{"_uag_custom_page_level_css":"","_swt_meta_header_display":false,"_swt_meta_footer_display":false,"_swt_meta_site_title_display":false,"_swt_meta_sticky_header":false,"_swt_meta_transparent_header":false},"product_brand":[],"product_cat":[21],"product_tag":[117,129,122,121,119,131,120,128,130,124,125,133,126,135,118,134,123,132,127],"class_list":{"0":"post-54","1":"product","2":"type-product","3":"status-publish","4":"has-post-thumbnail","6":"product_cat-estimulantes","7":"product_tag-adderall-xr","8":"product_tag-adderall-xr-dosage","9":"product_tag-adhd-symptoms","10":"product_tag-adhd-treatment","11":"product_tag-ampliao-prolongada-anfetamina","12":"product_tag-adderall-xr-benefcio","13":"product_tag-anfetamina-doxtroanfetamina","14":"product_tag-drogas-de-tdah","15":"product_tag-efeitos-colaterais-do-adderall-xr","16":"product_tag-estimulante-do-sistema-nervo-central","17":"product_tag-prescrio-estimulante","18":"product_tag-gesto-de-tdah","19":"product_tag-medicao-de-foco","20":"product_tag-medicao-de-substance-controlado","21":"product_tag-medicao-do-tdah","22":"product_tag-medicao-estimulante","23":"product_tag-narcolepsy-treatment","24":"product_tag-adderall-xr-segurana","25":"product_tag-disordm-hiperatilade-de-dficit-de-ateno-a3o","27":"first","28":"instock","29":"featured","30":"shipping-taxable","31":"purchasable","32":"product-type-variable"},"spectra_custom_meta":{"rank_math_seo_score":["81"],"_rank_math_gtin_code":[""],"total_sales":["0"],"_tax_status":["taxable"],"_tax_class":[""],"_manage_stock":["no"],"_backorders":["no"],"_sold_individually":["no"],"_virtual":["no"],"_downloadable":["no"],"_download_limit":["-1"],"_download_expiry":["-1"],"_stock":[null],"_stock_status":["instock"],"_wc_average_rating":["0"],"_wc_review_count":["0"],"_product_version":["10.0.4"],"rank_math_internal_links_processed":["1"],"rank_math_primary_product_cat":["21"],"wpil_links_inbound_internal_count":["2"],"wpil_links_inbound_internal_count_data":["eJzVUctuAjEM\/BWUe7vsthRkTr33JfXQY2SSLFgNSZR4JRDi35tsKAK1t556i+2Z8XiC0MGBYLp8hXYG4iOQlc9eGyufyH0KWMAhwRyEzZUkLZYFm+AOxBCtyK\/ZPYgNc0jQNAl7szWaFDkTNhi3eKv8tgnchOj1oLhBrU1Ea292sSnsQvaJy7PrQPwuUKYLEOTYRId56wrayg0j94f1t9KGtives2q1PS9mQTCxNWL5UgV4H4y41ErwkG0w8pAqKN+ufN7suNazmkU6SyQ7rGuRmcqS+p4tRk1i8q42iksf1+hISY7Y96TOxHw0+3jCtSBQ9fJi73EEoVObAqqQx1OWk11tZfUSr5arvQzZFLmS1LQ6sV5hdXJ90pFylv\/47+P4r9fZ5OG7sUbxxIdyc\/pDPMcvSZAFew=="],"wpil_links_outbound_internal_count":["0"],"wpil_links_outbound_internal_count_data":["eJxLtDKwqq4FAAZPAf4="],"wpil_links_outbound_external_count":["0"],"wpil_links_outbound_external_count_data":["eJxLtDKwqq4FAAZPAf4="],"wpil_sync_report2_time":["2025-08-16T10:59:04+00:00"],"wpil_sync_report3":["1"],"_product_attributes":["a:2:{s:6:\"dosage\";a:6:{s:4:\"name\";s:6:\"Dosage\";s:5:\"value\";s:52:\"5mg | 10mg | 15mg | 20mg | 25mg | 30mg | 35mg | 40mg\";s:8:\"position\";i:0;s:10:\"is_visible\";i:1;s:12:\"is_variation\";i:1;s:11:\"is_taxonomy\";i:0;}s:8:\"quantity\";a:6:{s:4:\"name\";s:8:\"Quantity\";s:5:\"value\";s:54:\"30 Capsules | 60 Capsules | 90 Capsules | 100 Capsules\";s:8:\"position\";i:1;s:10:\"is_visible\";i:1;s:12:\"is_variation\";i:1;s:11:\"is_taxonomy\";i:0;}}"],"rank_math_focus_keyword":["Adderall XR"],"_thumbnail_id":["332"],"rank_math_description":["Looking to buy Adderall XR online? Discover a safe and convenient way to purchase your prescription medication with fast shipping and discreet delivery. "],"_price":["120","140","160","180","200","220","240","260","280","300","320"],"_uag_page_assets":["a:9:{s:3:\"css\";s:263:\".uag-blocks-common-selector{z-index:var(--z-index-desktop) !important}@media (max-width: 976px){.uag-blocks-common-selector{z-index:var(--z-index-tablet) !important}}@media (max-width: 767px){.uag-blocks-common-selector{z-index:var(--z-index-mobile) !important}}\n\";s:2:\"js\";s:0:\"\";s:18:\"current_block_list\";a:7:{i:0;s:11:\"core\/search\";i:1;s:10:\"core\/group\";i:2;s:12:\"core\/heading\";i:3;s:17:\"core\/latest-posts\";i:4;s:20:\"core\/latest-comments\";i:5;s:13:\"core\/archives\";i:6;s:15:\"core\/categories\";}s:8:\"uag_flag\";b:0;s:11:\"uag_version\";s:10:\"1775290610\";s:6:\"gfonts\";a:0:{}s:10:\"gfonts_url\";s:0:\"\";s:12:\"gfonts_files\";a:0:{}s:14:\"uag_faq_layout\";b:0;}"],"_uag_css_file_name":["uag-css-54.css"]},"uagb_featured_image_src":{"full":["https:\/\/safemedicinepharma.com\/pt\/wp-content\/uploads\/sites\/13\/2024\/07\/adderall_xr_25mg.jpg",640,360,false],"thumbnail":["https:\/\/safemedicinepharma.com\/pt\/wp-content\/uploads\/sites\/13\/2024\/07\/adderall_xr_25mg-150x150.jpg",150,150,true],"medium":["https:\/\/safemedicinepharma.com\/pt\/wp-content\/uploads\/sites\/13\/2024\/07\/adderall_xr_25mg-300x300.jpg",300,300,true],"medium_large":["https:\/\/safemedicinepharma.com\/pt\/wp-content\/uploads\/sites\/13\/2024\/07\/adderall_xr_25mg-768x768.jpg",768,768,true],"large":["https:\/\/safemedicinepharma.com\/pt\/wp-content\/uploads\/sites\/13\/2024\/07\/adderall_xr_25mg-1024x1024.jpg",1024,1024,true],"1536x1536":["https:\/\/safemedicinepharma.com\/pt\/wp-content\/uploads\/sites\/13\/2024\/07\/adderall_xr_25mg.jpg",640,360,false],"2048x2048":["https:\/\/safemedicinepharma.com\/pt\/wp-content\/uploads\/sites\/13\/2024\/07\/adderall_xr_25mg.jpg",640,360,false],"woocommerce_thumbnail":["https:\/\/safemedicinepharma.com\/pt\/wp-content\/uploads\/sites\/13\/2024\/07\/adderall_xr_25mg-300x300.jpg",300,300,true],"woocommerce_single":["https:\/\/safemedicinepharma.com\/pt\/wp-content\/uploads\/sites\/13\/2024\/07\/adderall_xr_25mg-600x600.jpg",600,600,true],"woocommerce_gallery_thumbnail":["https:\/\/safemedicinepharma.com\/pt\/wp-content\/uploads\/sites\/13\/2024\/07\/adderall_xr_25mg-100x100.jpg",100,100,true],"mailpoet_newsletter_max":["https:\/\/safemedicinepharma.com\/pt\/wp-content\/uploads\/sites\/13\/2024\/07\/adderall_xr_25mg.jpg",640,360,false]},"uagb_author_info":{"display_name":"wpadmin","author_link":"https:\/\/safemedicinepharma.com\/pt\/author\/"},"uagb_comment_info":0,"uagb_excerpt":"Usado para tratar TDAH e narcolepsia. Cont\u00e9m anfetamina e dextroanfetamina.","_links":{"self":[{"href":"https:\/\/safemedicinepharma.com\/pt\/wp-json\/wp\/v2\/product\/54","targetHints":{"allow":["GET"]}}],"collection":[{"href":"https:\/\/safemedicinepharma.com\/pt\/wp-json\/wp\/v2\/product"}],"about":[{"href":"https:\/\/safemedicinepharma.com\/pt\/wp-json\/wp\/v2\/types\/product"}],"replies":[{"embeddable":true,"href":"https:\/\/safemedicinepharma.com\/pt\/wp-json\/wp\/v2\/comments?post=54"}],"wp:featuredmedia":[{"embeddable":true,"href":"https:\/\/safemedicinepharma.com\/pt\/wp-json\/wp\/v2\/media\/332"}],"wp:attachment":[{"href":"https:\/\/safemedicinepharma.com\/pt\/wp-json\/wp\/v2\/media?parent=54"}],"wp:term":[{"taxonomy":"product_brand","embeddable":true,"href":"https:\/\/safemedicinepharma.com\/pt\/wp-json\/wp\/v2\/product_brand?post=54"},{"taxonomy":"product_cat","embeddable":true,"href":"https:\/\/safemedicinepharma.com\/pt\/wp-json\/wp\/v2\/product_cat?post=54"},{"taxonomy":"product_tag","embeddable":true,"href":"https:\/\/safemedicinepharma.com\/pt\/wp-json\/wp\/v2\/product_tag?post=54"}],"curies":[{"name":"wp","href":"https:\/\/api.w.org\/{rel}","templated":true}]}}