{"id":56,"date":"2024-07-03T07:06:36","date_gmt":"2024-07-03T07:06:36","guid":{"rendered":"https:\/\/safemedicinepharma.com\/de\/?post_type=product&#038;p=56"},"modified":"2025-08-29T18:53:54","modified_gmt":"2025-08-29T18:53:54","slug":"ritalin","status":"publish","type":"product","link":"https:\/\/safemedicinepharma.com\/de\/product\/ritalin\/","title":{"rendered":"Ritalin"},"content":{"rendered":"<h1>Ritalin online kaufen<\/h1>\n<p><a href=\"https:\/\/safemedicinepharma.com\/de\/product\/ritalin\/\">Ritalin online kaufen<\/a> (Methylphenidat) ist ein Arzneistoff aus der Gruppe der <a href=\"https:\/\/de.wikipedia.org\/wiki\/Phenylethylamine\" target=\"_blank\" rel=\"noopener\">Phenylethylamine<\/a>. Er besitzt eine stimulierende Wirkung und wird heute haupts\u00e4chlich zur Behandlung der Aufmerksamkeitsdefizit-\/Hyperaktivit\u00e4tsst\u00f6rung (ADHS) und Narkolepsie eingesetzt. Obwohl es wie Dexedrin und Vyvanse ein Stimulans ist, geh\u00f6rt es einer anderen chemischen Klasse an und hat einen anderen Wirkmechanismus.<\/p>\n<p>Ritalin ist ebenfalls ein Stimulans, wirkt jedoch anders als Amphetamine wie Dexedrin und Vyvanse. Ritalin wirkt haupts\u00e4chlich als Neurotransmitter-Wiederaufnahmehemmer f\u00fcr Noradrenalin und Dopamin. Methylphenidat blockiert hingegen prim\u00e4r den Wiederaufnahmemechanismus, w\u00e4hrend Amphetamine sowohl die Freisetzung dieser Neurotransmitter verst\u00e4rken als auch die Wiederaufnahme verhindern. Indem es die R\u00fcckresorption von Dopamin und Noradrenalin in die Neuronen verhindert, verst\u00e4rkt es die neuronalen Impulse und erh\u00f6ht deren Konzentration in den Synapsen des Gehirns. Bessere Konzentration und geringere Impulsivit\u00e4t sind die Folge einer verbesserten Kommunikation in den f\u00fcr exekutive Funktionen und Aufmerksamkeit zust\u00e4ndigen Hirnarealen. Ritalin kaufen rezeptfrei.<\/p>\n<h3>Verschiedene Methylphenidat-Formulierungen<\/h3>\n<p>Ritalin ist bekannt f\u00fcr seine zahlreichen Generika und Markenpr\u00e4parate mit unterschiedlicher Wirkdauer. Ritalin (sofort freisetzend, IR) ist die urspr\u00fcngliche, kurz wirksame Form mit einer Wirkdauer von 3\u20134 Stunden. Ritalin 20mg online kaufen rezeptfrei.<\/p>\n<p>Ritalin SR (Retardform) ist eine \u00e4ltere Form mit verl\u00e4ngerter Freisetzung und bietet eine l\u00e4ngere Wirkdauer als IR, ist aber weniger vorhersehbar als neuere Formulierungen.<\/p>\n<p>Ritalin LA (Langzeitwirkung) ist eine Kapsel mit verl\u00e4ngerter Freisetzung, die eine Wirkdauer von etwa 8 Stunden hat.<\/p>\n<p>Concerta (Methylphenidat mit verl\u00e4ngerter Freisetzung) ist eine sehr beliebte Formulierung zur einmal t\u00e4glichen Einnahme, deren Wirkung \u00fcber 10\u201312 Stunden anh\u00e4lt.<\/p>\n<p>Weitere Methylphenidat-Marken sind Metadate CD, Daytrana (ein Pflaster) und Quillivant XR (eine Fl\u00fcssigkeit).<\/p>\n<h3>Nebenwirkungen und Warnhinweise<\/h3>\n<p>Ritalin weist aufgrund seiner \u00e4hnlichen Gesamtwirkung auf das Gehirn ein sehr \u00e4hnliches Nebenwirkungs- und Warnprofil wie Amphetamin-Stimulanzien auf.<\/p>\n<p>H\u00e4ufige Nebenwirkungen sind Appetitlosigkeit, Schlaflosigkeit, Kopfschmerzen, Bauchschmerzen, \u00dcbelkeit, Nervosit\u00e4t, Reizbarkeit, erh\u00f6hter Puls und Blutdruck.<\/p>\n<p>Zu den schwerwiegenden Risiken z\u00e4hlen Herz-Kreislauf-Probleme. Ritalin sollte nicht von Patienten mit erheblichen Herzproblemen eingenommen werden.<\/p>\n<p>Au\u00dferdem k\u00f6nnen durch die Einnahme von Ritalin psychische Probleme entstehen. Es kann Psychosen, Manie oder Aggression verschlimmern oder neu ausl\u00f6sen.<\/p>\n<p>Dar\u00fcber hinaus k\u00f6nnen Durchblutungsst\u00f6rungen auftreten, die Taubheitsgef\u00fchle oder Schmerzen in Fingern und Zehen verursachen k\u00f6nnen.<\/p>\n<h2>Fragen zum von ritalin kaufen rezeptfrei<\/h2>\n<p><strong>Ist es legal zu Ritalin online kaufen?<\/strong> Ja, ritalin online bestellen ohne rezept bei Safe Medicine Pharmacy. Es ist legal, da wir eine lizenzierte Online-Apotheke sind.<\/p>\n<p><strong>Kann ich Ritalin online kaufen ohne rezept?<\/strong> Auf jeden fall, Bei Safe Medicine Pharmacy k\u00f6nnen Kaufen Sie Ritalin 10 mg online ohne Rezept. Der Versand erfolgt diskret und bis an Ihre Haust\u00fcr.<\/p>\n<p><strong>Wie k\u00f6nnen Sie sich der qualit\u00e4t von Ritalin zu verkaufen online sicher sein?<\/strong> Der Kauf von Medikamenten bei seri\u00f6sen und lizenzierten Online-Apotheken gibt Ihnen die Gewissheit, dass Sie Qualit\u00e4t erhalten. Alle unsere Medikamente sind Originale, und Sie k\u00f6nnen Ritalin online bestellen ohne Rezept Pillen h\u00f6chster Qualit\u00e4t.<\/p>\n<p><strong>Wo kann man ritalin rezeptfrei kaufen?<\/strong> Safe Medicine Pharmacy ist die sicherste Online-Apotheke f\u00fcr Ritalin. Wir versenden weltweit diskret, unsere preis ritalin sind erschwinglich und alle unsere Medikamente sind Originale.<\/p>\n<p>Der von Ritalin online kaufen bietet eine bequeme Alternative zu herk\u00f6mmlichen Apotheken, erfordert jedoch Sorgfalt und Vorsicht. Ihre Gesundheit und Sicherheit stehen stets an erster Stelle, indem Sie die gesetzlichen Bestimmungen einhalten und medizinisches Fachpersonal konsultieren. Mit den notwendigen Vorsichtsma\u00dfnahmen k\u00f6nnen Sie eine sichere und wirksame Behandlung von ADHS und Narkolepsie gew\u00e4hrleisten und gleichzeitig verantwortungsvoll durch die Online-Apothekenlandschaft navigieren.<\/p>\n","protected":false},"excerpt":{"rendered":"<p>zur Behandlung von ADHS und Narkolepsie. Es enth\u00e4lt Methylphenidat.<\/p>\n","protected":false},"featured_media":374,"comment_status":"open","ping_status":"closed","template":"","meta":{"_uag_custom_page_level_css":"","_swt_meta_header_display":false,"_swt_meta_footer_display":false,"_swt_meta_site_title_display":false,"_swt_meta_sticky_header":false,"_swt_meta_transparent_header":false},"product_brand":[],"product_cat":[21],"product_tag":[382,256,390,251,381,253,254,385,384,378,252,383,380,257,386,389,379,387,388],"class_list":{"0":"post-56","1":"product","2":"type-product","3":"status-publish","4":"has-post-thumbnail","6":"product_cat-stimulanzien","7":"product_tag-kaufen-sie-ritalin-10-mg-online-ohne-rezept","8":"product_tag-ritalin-seite-auswirkungen","9":"product_tag-preis-ritalin","10":"product_tag-ritalin","11":"product_tag-ritalin-20mg-online-kaufen-rezeptfrei","12":"product_tag-ritalin-fr-adhd","13":"product_tag-ritalin-fr-narzolepsie","14":"product_tag-ritalin-kaufen-rezeptfrei","15":"product_tag-ritalin-online-bestellen-ohne-rezept","16":"product_tag-ritalin-online-bestellen-ohne-rezept-pillen-hoechster-qualitaet","17":"product_tag-buy-ritalin-online","18":"product_tag-ritalin-online-kaufen-ohne-rezept","19":"product_tag-ritalin-online-rezeptfrei-kaufen-legal","20":"product_tag-ritalin-beruhigung","21":"product_tag-wo-kann-ich-ritalin-kaufen","22":"product_tag-wo-kann-ich-ritalin-rezeptfrei-kaufen","23":"product_tag-wo-kann-man-ritalin-kaufen","24":"product_tag-wo-kann-man-ritalin-rezeptfrei-kaufen","25":"product_tag-wo-ritalin-kaufen","27":"first","28":"instock","29":"featured","30":"shipping-taxable","31":"purchasable","32":"product-type-variable"},"spectra_custom_meta":{"rank_math_seo_score":["84"],"_rank_math_gtin_code":[""],"total_sales":["0"],"_tax_status":["taxable"],"_tax_class":[""],"_manage_stock":["no"],"_backorders":["no"],"_sold_individually":["no"],"_virtual":["no"],"_downloadable":["no"],"_download_limit":["-1"],"_download_expiry":["-1"],"_stock":[null],"_stock_status":["instock"],"_wc_average_rating":["0"],"_wc_review_count":["0"],"_product_version":["10.0.4"],"rank_math_internal_links_processed":["1"],"rank_math_primary_product_cat":["21"],"rank_math_title":["Ritalin online kaufen - Medikamente gegen ADHS und Narkolepsie"],"rank_math_description":["Entdecken Sie eine bequeme M\u00f6glichkeit zu Ritalin online kaufen in unserer vertrauensw\u00fcrdigen Apotheke. Profitieren Sie von schnellem Versand, diskreter Verpackung und kompetenter Unterst\u00fctzung bei Ihren Rezeptanforderungen."],"rank_math_focus_keyword":["Ritalin online kaufen,Ritalin kaufen rezeptfrei"],"_thumbnail_id":["374"],"_product_attributes":["a:2:{s:9:\"dosierung\";a:6:{s:4:\"name\";s:9:\"Dosierung\";s:5:\"value\";s:29:\"10 mg | 20 mg | 30 mg | 40 mg\";s:8:\"position\";i:0;s:10:\"is_visible\";i:1;s:12:\"is_variation\";i:1;s:11:\"is_taxonomy\";i:0;}s:5:\"menge\";a:6:{s:4:\"name\";s:5:\"Menge\";s:5:\"value\";s:58:\"30 Tabletten | 60 Tabletten | 90 Tabletten | 100 Tabletten\";s:8:\"position\";i:1;s:10:\"is_visible\";i:1;s:12:\"is_variation\";i:1;s:11:\"is_taxonomy\";i:0;}}"],"_edit_lock":["1762904713:2"],"_edit_last":["2"],"rank_math_primary_product_brand":["0"],"_price":["120","140","180","200","220","260","290","320","340","380","390","410","420","440","450","480"],"_uag_page_assets":["a:9:{s:3:\"css\";s:263:\".uag-blocks-common-selector{z-index:var(--z-index-desktop) !important}@media (max-width: 976px){.uag-blocks-common-selector{z-index:var(--z-index-tablet) !important}}@media (max-width: 767px){.uag-blocks-common-selector{z-index:var(--z-index-mobile) !important}}\n\";s:2:\"js\";s:0:\"\";s:18:\"current_block_list\";a:7:{i:0;s:11:\"core\/search\";i:1;s:10:\"core\/group\";i:2;s:12:\"core\/heading\";i:3;s:17:\"core\/latest-posts\";i:4;s:20:\"core\/latest-comments\";i:5;s:13:\"core\/archives\";i:6;s:15:\"core\/categories\";}s:8:\"uag_flag\";b:0;s:11:\"uag_version\";s:10:\"1775287293\";s:6:\"gfonts\";a:0:{}s:10:\"gfonts_url\";s:0:\"\";s:12:\"gfonts_files\";a:0:{}s:14:\"uag_faq_layout\";b:0;}"],"_uag_css_file_name":["uag-css-56.css"]},"uagb_featured_image_src":{"full":["https:\/\/safemedicinepharma.com\/de\/wp-content\/uploads\/sites\/2\/2024\/07\/ritalinvsadderalldrugadhd.jpeg",2100,1200,false],"thumbnail":["https:\/\/safemedicinepharma.com\/de\/wp-content\/uploads\/sites\/2\/2024\/07\/ritalinvsadderalldrugadhd-150x150.jpeg",150,150,true],"medium":["https:\/\/safemedicinepharma.com\/de\/wp-content\/uploads\/sites\/2\/2024\/07\/ritalinvsadderalldrugadhd-300x300.jpeg",300,300,true],"medium_large":["https:\/\/safemedicinepharma.com\/de\/wp-content\/uploads\/sites\/2\/2024\/07\/ritalinvsadderalldrugadhd-768x768.jpeg",768,768,true],"large":["https:\/\/safemedicinepharma.com\/de\/wp-content\/uploads\/sites\/2\/2024\/07\/ritalinvsadderalldrugadhd-1024x1024.jpeg",1024,1024,true],"1536x1536":["https:\/\/safemedicinepharma.com\/de\/wp-content\/uploads\/sites\/2\/2024\/07\/ritalinvsadderalldrugadhd.jpeg",1536,878,false],"2048x2048":["https:\/\/safemedicinepharma.com\/de\/wp-content\/uploads\/sites\/2\/2024\/07\/ritalinvsadderalldrugadhd.jpeg",2048,1170,false],"woocommerce_thumbnail":["https:\/\/safemedicinepharma.com\/de\/wp-content\/uploads\/sites\/2\/2024\/07\/ritalinvsadderalldrugadhd-300x300.jpeg",300,300,true],"woocommerce_single":["https:\/\/safemedicinepharma.com\/de\/wp-content\/uploads\/sites\/2\/2024\/07\/ritalinvsadderalldrugadhd-600x600.jpeg",600,600,true],"woocommerce_gallery_thumbnail":["https:\/\/safemedicinepharma.com\/de\/wp-content\/uploads\/sites\/2\/2024\/07\/ritalinvsadderalldrugadhd-100x100.jpeg",100,100,true],"mailpoet_newsletter_max":["https:\/\/safemedicinepharma.com\/de\/wp-content\/uploads\/sites\/2\/2024\/07\/ritalinvsadderalldrugadhd.jpeg",1320,754,false]},"uagb_author_info":{"display_name":"wpadmin","author_link":"https:\/\/safemedicinepharma.com\/de\/author\/"},"uagb_comment_info":0,"uagb_excerpt":"zur Behandlung von ADHS und Narkolepsie. Es enth\u00e4lt Methylphenidat.","_links":{"self":[{"href":"https:\/\/safemedicinepharma.com\/de\/wp-json\/wp\/v2\/product\/56","targetHints":{"allow":["GET"]}}],"collection":[{"href":"https:\/\/safemedicinepharma.com\/de\/wp-json\/wp\/v2\/product"}],"about":[{"href":"https:\/\/safemedicinepharma.com\/de\/wp-json\/wp\/v2\/types\/product"}],"replies":[{"embeddable":true,"href":"https:\/\/safemedicinepharma.com\/de\/wp-json\/wp\/v2\/comments?post=56"}],"wp:featuredmedia":[{"embeddable":true,"href":"https:\/\/safemedicinepharma.com\/de\/wp-json\/wp\/v2\/media\/374"}],"wp:attachment":[{"href":"https:\/\/safemedicinepharma.com\/de\/wp-json\/wp\/v2\/media?parent=56"}],"wp:term":[{"taxonomy":"product_brand","embeddable":true,"href":"https:\/\/safemedicinepharma.com\/de\/wp-json\/wp\/v2\/product_brand?post=56"},{"taxonomy":"product_cat","embeddable":true,"href":"https:\/\/safemedicinepharma.com\/de\/wp-json\/wp\/v2\/product_cat?post=56"},{"taxonomy":"product_tag","embeddable":true,"href":"https:\/\/safemedicinepharma.com\/de\/wp-json\/wp\/v2\/product_tag?post=56"}],"curies":[{"name":"wp","href":"https:\/\/api.w.org\/{rel}","templated":true}]}}