{"id":42,"date":"2024-07-03T06:58:50","date_gmt":"2024-07-03T06:58:50","guid":{"rendered":"https:\/\/safemedicinepharma.com\/de\/?post_type=product&#038;p=42"},"modified":"2025-09-25T16:06:27","modified_gmt":"2025-09-25T16:06:27","slug":"chlordiazepoxid","status":"publish","type":"product","link":"https:\/\/safemedicinepharma.com\/de\/product\/chlordiazepoxid\/","title":{"rendered":"Chlordiazepoxid"},"content":{"rendered":"<h1>Chlordiazepoxid kaufen Online<\/h1>\n<p><a href=\"https:\/\/safemedicinepharma.com\/de\/product\/chlordiazepoxid\/\">Chlordiazepoxid kaufen<\/a>, das unter dem Markennamen Librium kaufen vertrieben wird, ist ein Beruhigungsmittel und Schlafmittel aus der Klasse der Benzodiazepine. Es wird zur Behandlung von Angstzust\u00e4nden, Schlaflosigkeit und Entzugserscheinungen von Alkohol, Benzodiazepinen und anderen Drogen eingesetzt. Aufgrund seiner langen <a href=\"https:\/\/de.wikipedia.org\/wiki\/Plasmahalbwertszeit\" target=\"_blank\" rel=\"noopener\">Halbwertszeit<\/a> wird es auch zum Absetzen anderer, k\u00fcrzer wirkender Benzodiazepine verwendet.<\/p>\n<h3>Formulierungen und Dosierung<\/h3>\n<p><strong>Formulierungen<\/strong>: Es ist in Form von Kapseln (am h\u00e4ufigsten) und Tabletten erh\u00e4ltlich. Es ist auch als Injektion f\u00fcr den Krankenhausgebrauch erh\u00e4ltlich.<\/p>\n<p><strong>G\u00e4ngige St\u00e4rken<\/strong>: 5 mg, 10 mg, 25 mg Kapseln.<\/p>\n<p><strong>Dosierungsschema<\/strong>: Die Dosierung ist individuell. Der Arzt verschreibt immer die niedrigste wirksame Dosis f\u00fcr den k\u00fcrzestm\u00f6glichen Zeitraum (in der Regel einige Wochen), um das Abh\u00e4ngigkeitsrisiko zu minimieren. Bei Alkoholentzug wird die Dosis oft zun\u00e4chst h\u00f6her und dann schrittweise reduziert. Chlordiazepoxid rezeptfrei kaufen.<\/p>\n<h3>H\u00e4ufige und schwerwiegende Nebenwirkungen der Einnahme von Chlordiazepoxid (Librium)<\/h3>\n<p>Chlordiazepoxid kann zwar wirksam sein, hat aber auch eine Reihe von Nebenwirkungen, die nicht auf die leichte Schulter genommen werden sollten. Viele Menschen erleben h\u00e4ufige, wenn auch beunruhigende Reaktionen wie anhaltende Schl\u00e4frigkeit, Schwindel und Verwirrtheit. Anwender k\u00f6nnen au\u00dferdem unter Ged\u00e4chtnisl\u00fccken, Mundtrockenheit, Verstopfung und sp\u00fcrbaren Koordinationsst\u00f6rungen leiden und sich unsicher auf den Beinen f\u00fchlen.<\/p>\n<p>Neben diesen h\u00e4ufigen Problemen bergen sich weitaus ernstere Risiken. Die gr\u00f6\u00dfte Gefahr ist eine Atemdepression, bei der die Atmung gef\u00e4hrlich langsam und flach wird. Diese Wirkung kann t\u00f6dlich sein und das Risiko steigt, wenn das Medikament mit Alkohol, Opioiden oder anderen Beruhigungsmitteln kombiniert wird.<\/p>\n<p>Dar\u00fcber hinaus kann der K\u00f6rper schnell abh\u00e4ngig werden und zur Sucht f\u00fchren. Vielleicht widerspr\u00fcchlicherweise kann das Medikament manchmal eine paradoxe Reaktion hervorrufen, die anstelle von Ruhe Unruhe, Aggression oder schwere Schlaflosigkeit ausl\u00f6st. Bei Schwangeren kann die Einnahme dieses Medikaments auch erhebliche Sch\u00e4den f\u00fcr den sich entwickelnden F\u00f6tus verursachen. Librium kaufen ohne rezept.<\/p>\n<p>Eine der gr\u00f6\u00dften Herausforderungen bei diesem Medikament ist der Entzug. Da das Medikament lange im K\u00f6rper verbleibt, treten Entzugserscheinungen m\u00f6glicherweise nicht sofort nach dem Absetzen auf, k\u00f6nnen aber schwerwiegend und sogar lebensbedrohlich sein. Betroffene k\u00f6nnen einen be\u00e4ngstigenden R\u00fcckfall von Angstzust\u00e4nden und Schlaflosigkeit, starke k\u00f6rperliche Beschwerden mit Zittern und Erbrechen sowie einen gef\u00e4hrlichen Anstieg von Herzfrequenz und Blutdruck erleben. In den schwersten F\u00e4llen kann der Entzug zu Halluzinationen und Krampfanf\u00e4llen f\u00fchren, weshalb eine \u00e4rztliche \u00dcberwachung bei jedem Absetzen unerl\u00e4sslich ist.<\/p>\n<h2>H\u00e4ufig gestellte Fragen zum von Chlordiazepoxid Kaufen Tabletten<\/h2>\n<p><strong>Ist es legal, zu Librium kaufen online?<\/strong> Ja, die Online-Bestellung von Chlordiazepoxid-Tabletten ist bei uns legal, da wir eine lizenzierte Online-Apotheke sind.<\/p>\n<p><strong>Kann man librium kaufen ohne rezept?<\/strong> Bei Safe Medicine Pharmacy k\u00f6nnen Sie Chlordiazepoxid kaufen rezeptfrei und es wird diskret bis an Ihre Haust\u00fcr geliefert.<\/p>\n<p><strong>Wie kann man sich der Qualit\u00e4t von Chlordiazepoxid zu verkaufen online beim sicher sein?<\/strong> Wenn Sie Medikamente bei seri\u00f6sen und lizenzierten Online-Apotheken bestellen, ist Ihnen Qualit\u00e4t garantiert.<\/p>\n<p><strong>Wo kann ich Librium kaufen?<\/strong> Safe Medicine Pharmacy ist die beste Online-Apotheke, in der Sie Chlordiazepoxid kaufen k\u00f6nnen. Wir versenden weltweit diskret und zu g\u00fcnstigen Preisen. Kontaktieren Sie uns jetzt, um mehr \u00fcber den Preis von Chlordiazepoxid und die rezeptfreie Lieferung von Librium zu erfahren.<\/p>\n<p>Chlordiazepoxid (Librium) ist ein starkes, lang wirkendes, verschreibungspflichtiges Benzodiazepin mit spezifischen, wichtigen medizinischen Anwendungen, insbesondere bei Alkoholentzug. Es birgt jedoch erhebliche Risiken f\u00fcr Abh\u00e4ngigkeit, Sucht und \u00dcberdosierung. Seine medizinische Verwendung wird daher streng kontrolliert. Der Erwerb au\u00dferhalb des legalen Gesundheitssystems ist \u00e4u\u00dferst gef\u00e4hrlich, da das Produkt h\u00f6chstwahrscheinlich mit unbekannten und potenziell t\u00f6dlichen Substanzen verf\u00e4lscht ist. Kaufen Sie originale Chlordiazepoxid (Librium)-Tabletten ohne Rezept.<\/p>\n","protected":false},"excerpt":{"rendered":"<p>Lindern Sie starkes Verlangen nach Alkohol und Angstzust\u00e4nde. Bestellen Sie jetzt Chlordiazepoxid-Tabletten online und lassen Sie sie sich bequem nach Hause liefern. Chlordiazepoxid Kaufen ohne Rezept.<\/p>\n","protected":false},"featured_media":356,"comment_status":"open","ping_status":"closed","template":"","meta":{"_uag_custom_page_level_css":"","_swt_meta_header_display":false,"_swt_meta_footer_display":false,"_swt_meta_site_title_display":false,"_swt_meta_sticky_header":false,"_swt_meta_transparent_header":false},"product_brand":[],"product_cat":[19],"product_tag":[196,156,152,197,510,505,500,198,501,504,511,199,506,507,508,509,503,502],"class_list":{"0":"post-42","1":"product","2":"type-product","3":"status-publish","4":"has-post-thumbnail","6":"product_cat-benzodiazepine","7":"product_tag-alkohol-withdrawal-relief","8":"product_tag-angstbehandlung","9":"product_tag-benzodiazepinmedikation","10":"product_tag-chlordiazepoxiddosis","11":"product_tag-chlordiazepoxid-dosierung","12":"product_tag-chlordiazepoxid-kaufen","13":"product_tag-chlordiazepoxid-kaufen-online","14":"product_tag-chlordiazepoxid-seite-auswirkungen","15":"product_tag-chlordiazepoxid-rezeptfrei-kaufen","16":"product_tag-chlordiazepoxid-zu-verkaufen","17":"product_tag-kaufen-librium-chlordiazepoxid-10-mg-online","18":"product_tag-buy-chlordiazepoxid","19":"product_tag-librium-kaufen","20":"product_tag-librium-kaufen-ohne-rezept","21":"product_tag-librium-tabs-25-mg-kaufen","22":"product_tag-librium-tabs-kaufen","23":"product_tag-wie-kann-man-chlordiazepoxid-kaufen-online","24":"product_tag-wo-kann-man-chlordiazepoxid-kaufen","26":"first","27":"instock","28":"shipping-taxable","29":"purchasable","30":"product-type-variable"},"spectra_custom_meta":{"rank_math_seo_score":["84"],"_rank_math_gtin_code":[""],"total_sales":["1"],"_tax_status":["taxable"],"_tax_class":[""],"_manage_stock":["no"],"_backorders":["no"],"_sold_individually":["no"],"_virtual":["no"],"_downloadable":["no"],"_download_limit":["-1"],"_download_expiry":["-1"],"_stock":[null],"_stock_status":["instock"],"_wc_average_rating":["0"],"_wc_review_count":["0"],"_product_version":["10.0.4"],"rank_math_internal_links_processed":["1"],"rank_math_primary_product_cat":["0"],"wpil_links_inbound_internal_count":["0"],"wpil_links_inbound_internal_count_data":["eJxLtDKwqq4FAAZPAf4="],"wpil_links_outbound_internal_count":["0"],"wpil_links_outbound_internal_count_data":["eJxLtDKwqq4FAAZPAf4="],"wpil_links_outbound_external_count":["0"],"wpil_links_outbound_external_count_data":["eJxLtDKwqq4FAAZPAf4="],"wpil_sync_report2_time":["2024-07-07T12:54:04+00:00"],"wpil_sync_report3":["1"],"rank_math_focus_keyword":["Chlordiazepoxid kaufen,Librium kaufen"],"rank_math_description":["Chlordiazepoxid Kaufen (Librium) online ohne Rezept. Wir bieten diskreten Versand weltweit. Sichern Sie sich die besten Preise f\u00fcr Original-Tabletten (10 mg und 25 mg) gegen Angstzust\u00e4nde und Alkoholentzug. Bestellen Sie jetzt f\u00fcr eine sichere Lieferung."],"rank_math_title":["Chlordiazepoxid kaufen | Librium kaufen: Verwendung, Dosierung, Nebenwirkungen, Angst, Alkoholentzug"],"_thumbnail_id":["356"],"_product_attributes":["a:2:{s:9:\"dosierung\";a:6:{s:4:\"name\";s:9:\"Dosierung\";s:5:\"value\";s:20:\"5 mg | 10 mg | 25 mg\";s:8:\"position\";i:0;s:10:\"is_visible\";i:1;s:12:\"is_variation\";i:1;s:11:\"is_taxonomy\";i:0;}s:5:\"menge\";a:6:{s:4:\"name\";s:5:\"Menge\";s:5:\"value\";s:58:\"30 Tabletten | 60 Tabletten | 90 Tabletten | 180 Tabletten\";s:8:\"position\";i:1;s:10:\"is_visible\";i:1;s:12:\"is_variation\";i:1;s:11:\"is_taxonomy\";i:0;}}"],"_wp_old_slug":["chlordiazepoxide"],"_edit_lock":["1763251548:2"],"_edit_last":["2"],"rank_math_primary_product_brand":["0"],"_price":["120","140","160","180","200","220","240"],"_uag_page_assets":["a:9:{s:3:\"css\";s:263:\".uag-blocks-common-selector{z-index:var(--z-index-desktop) !important}@media (max-width: 976px){.uag-blocks-common-selector{z-index:var(--z-index-tablet) !important}}@media (max-width: 767px){.uag-blocks-common-selector{z-index:var(--z-index-mobile) !important}}\n\";s:2:\"js\";s:0:\"\";s:18:\"current_block_list\";a:7:{i:0;s:11:\"core\/search\";i:1;s:10:\"core\/group\";i:2;s:12:\"core\/heading\";i:3;s:17:\"core\/latest-posts\";i:4;s:20:\"core\/latest-comments\";i:5;s:13:\"core\/archives\";i:6;s:15:\"core\/categories\";}s:8:\"uag_flag\";b:0;s:11:\"uag_version\";s:10:\"1776956134\";s:6:\"gfonts\";a:0:{}s:10:\"gfonts_url\";s:0:\"\";s:12:\"gfonts_files\";a:0:{}s:14:\"uag_faq_layout\";b:0;}"],"_uag_css_file_name":["uag-css-42.css"]},"uagb_featured_image_src":{"full":["https:\/\/safemedicinepharma.com\/de\/wp-content\/uploads\/sites\/2\/2024\/07\/chlordiazepoxide-librium-tablets.jpg",1000,1000,false],"thumbnail":["https:\/\/safemedicinepharma.com\/de\/wp-content\/uploads\/sites\/2\/2024\/07\/chlordiazepoxide-librium-tablets-150x150.jpg",150,150,true],"medium":["https:\/\/safemedicinepharma.com\/de\/wp-content\/uploads\/sites\/2\/2024\/07\/chlordiazepoxide-librium-tablets-300x300.jpg",300,300,true],"medium_large":["https:\/\/safemedicinepharma.com\/de\/wp-content\/uploads\/sites\/2\/2024\/07\/chlordiazepoxide-librium-tablets-768x768.jpg",768,768,true],"large":["https:\/\/safemedicinepharma.com\/de\/wp-content\/uploads\/sites\/2\/2024\/07\/chlordiazepoxide-librium-tablets-1024x1024.jpg",1024,1024,true],"1536x1536":["https:\/\/safemedicinepharma.com\/de\/wp-content\/uploads\/sites\/2\/2024\/07\/chlordiazepoxide-librium-tablets.jpg",1000,1000,false],"2048x2048":["https:\/\/safemedicinepharma.com\/de\/wp-content\/uploads\/sites\/2\/2024\/07\/chlordiazepoxide-librium-tablets.jpg",1000,1000,false],"woocommerce_thumbnail":["https:\/\/safemedicinepharma.com\/de\/wp-content\/uploads\/sites\/2\/2024\/07\/chlordiazepoxide-librium-tablets-300x300.jpg",300,300,true],"woocommerce_single":["https:\/\/safemedicinepharma.com\/de\/wp-content\/uploads\/sites\/2\/2024\/07\/chlordiazepoxide-librium-tablets-600x600.jpg",600,600,true],"woocommerce_gallery_thumbnail":["https:\/\/safemedicinepharma.com\/de\/wp-content\/uploads\/sites\/2\/2024\/07\/chlordiazepoxide-librium-tablets-100x100.jpg",100,100,true],"mailpoet_newsletter_max":["https:\/\/safemedicinepharma.com\/de\/wp-content\/uploads\/sites\/2\/2024\/07\/chlordiazepoxide-librium-tablets.jpg",1000,1000,false]},"uagb_author_info":{"display_name":"wpadmin","author_link":"https:\/\/safemedicinepharma.com\/de\/author\/"},"uagb_comment_info":0,"uagb_excerpt":"Lindern Sie starkes Verlangen nach Alkohol und Angstzust\u00e4nde. Bestellen Sie jetzt Chlordiazepoxid-Tabletten online und lassen Sie sie sich bequem nach Hause liefern. Chlordiazepoxid Kaufen ohne Rezept.","_links":{"self":[{"href":"https:\/\/safemedicinepharma.com\/de\/wp-json\/wp\/v2\/product\/42","targetHints":{"allow":["GET"]}}],"collection":[{"href":"https:\/\/safemedicinepharma.com\/de\/wp-json\/wp\/v2\/product"}],"about":[{"href":"https:\/\/safemedicinepharma.com\/de\/wp-json\/wp\/v2\/types\/product"}],"replies":[{"embeddable":true,"href":"https:\/\/safemedicinepharma.com\/de\/wp-json\/wp\/v2\/comments?post=42"}],"wp:featuredmedia":[{"embeddable":true,"href":"https:\/\/safemedicinepharma.com\/de\/wp-json\/wp\/v2\/media\/356"}],"wp:attachment":[{"href":"https:\/\/safemedicinepharma.com\/de\/wp-json\/wp\/v2\/media?parent=42"}],"wp:term":[{"taxonomy":"product_brand","embeddable":true,"href":"https:\/\/safemedicinepharma.com\/de\/wp-json\/wp\/v2\/product_brand?post=42"},{"taxonomy":"product_cat","embeddable":true,"href":"https:\/\/safemedicinepharma.com\/de\/wp-json\/wp\/v2\/product_cat?post=42"},{"taxonomy":"product_tag","embeddable":true,"href":"https:\/\/safemedicinepharma.com\/de\/wp-json\/wp\/v2\/product_tag?post=42"}],"curies":[{"name":"wp","href":"https:\/\/api.w.org\/{rel}","templated":true}]}}