{"id":41,"date":"2024-07-03T06:58:23","date_gmt":"2024-07-03T06:58:23","guid":{"rendered":"https:\/\/safemedicinepharma.com\/de\/?post_type=product&#038;p=41"},"modified":"2025-09-25T23:44:43","modified_gmt":"2025-09-25T23:44:43","slug":"lorazepam-ativan","status":"publish","type":"product","link":"https:\/\/safemedicinepharma.com\/de\/product\/lorazepam-ativan\/","title":{"rendered":"Lorazepam (Ativan\u00ae)"},"content":{"rendered":"<h1>Lorazepam kaufen ohne rezept<\/h1>\n<p><a href=\"https:\/\/safemedicinepharma.com\/de\/product\/lorazepam-ativan\/\">Lorazepam kaufen<\/a> ist ein verschreibungspflichtiges Medikament aus der Klasse der <a href=\"https:\/\/de.wikipedia.org\/wiki\/Benzodiazepine\" target=\"_blank\" rel=\"noopener\">Benzodiazepine<\/a>. Es wirkt d\u00e4mpfend auf das zentrale Nervensystem (ZNS), d. h. es verlangsamt die Gehirnaktivit\u00e4t und erzeugt so eine beruhigende Wirkung. Es ist allgemein unter dem Markennamen Ativan kaufen bekannt.Lorazepam wird haupts\u00e4chlich zur kurzfristigen Linderung schwerer Angstzust\u00e4nde und depressiver Angstzust\u00e4nde verschrieben, zur kurzfristigen Behandlung angstbedingter Schlafst\u00f6rungen und vor Operationen zur Linderung von Angstzust\u00e4nden und zur Sedierung oder zur Erinnerung an den Eingriff.<\/p>\n<p>Es wirkt durch die Aktivierung eines nat\u00fcrlichen Beruhigungsmittels im Gehirn, das in akuten Notlagen die dringend ben\u00f6tigte Linderung verschaffen kann. Aufgrund des hohen Toleranz- und Abh\u00e4ngigkeitsrisikos ist es nur f\u00fcr die kurzfristige Anwendung vorgesehen.<\/p>\n<h3>Wirkungsweise von Lorazepam<\/h3>\n<p>Lorazepam verst\u00e4rkt die Wirkung von GABA (Gamma-Aminobutters\u00e4ure), einem nat\u00fcrlichen Neurotransmitter im Gehirn. GABA hemmt die Nerven\u00fcbertragung im Gehirn und wirkt beruhigend. Durch die Steigerung der GABA-Aktivit\u00e4t reduziert Lorazepam Angst und Panik, f\u00f6rdert Entspannung und Schlaf, entspannt die Muskeln und beugt Krampfanf\u00e4llen vor. Lorazepam kaufen ohne rezept.<\/p>\n<h2>Lorazepam zu verkaufen: Verf\u00fcgbare St\u00e4rken<\/h2>\n<p>Lorazepam wird in verschiedenen Darreichungsformen hergestellt, um unterschiedlichen medizinischen Bed\u00fcrfnissen gerecht zu werden:<\/p>\n<p><strong>Tabletten zum Einnehmen<\/strong>: Dies ist die g\u00e4ngigste Darreichungsform und wird oral eingenommen. Die Tabletten haben in der Regel eine Bruchkerbe, sodass sie zur Dosisanpassung leicht geteilt werden k\u00f6nnen. G\u00e4ngige St\u00e4rken sind 0,5 mg, 1 mg und 2 mg. Lorazepam 1mg kaufen.<\/p>\n<p><strong>Schmelztabletten<\/strong>: Diese Tabletten l\u00f6sen sich ohne Wasser schnell auf der Zunge auf, was f\u00fcr Patienten hilfreich ist, die Schwierigkeiten beim Schlucken von Tabletten haben.<\/p>\n<h2>Warum sollten Sie Lorazepam bestellen bei uns?<\/h2>\n<p>Haben Sie genug von \u00fcberw\u00e4ltigenden Angstzust\u00e4nden oder schlaflosen N\u00e4chten? Jetzt k\u00f6nnen Sie Lorazepam kaufen online einfach und sicher, ganz ohne Rezept. Wir liefern Ihnen originale Lorazepam-Tabletten, auch in hochwirksamen 2-mg-Dosen, direkt nach Hause. Lorazepam kaufen ohne rezept.<\/p>\n<p>Vergessen Sie das Warten auf Apothekenzulassungen oder teure Arztbesuche. Dank unseres optimierten Prozesses k\u00f6nnen Sie Ativan online bestellen vertrauensvoll und wissen, dass Sie es mit einem vertrauensw\u00fcrdigen Lieferanten zu tun haben. Wir bieten alle g\u00e4ngigen St\u00e4rken von 0,5 mg bis 2 mg Lorazepam an, um Ihren individuellen Bed\u00fcrfnissen gerecht zu werden.<\/p>\n<p>Dar\u00fcber hinaus legen wir gr\u00f6\u00dften Wert auf Ihre Sicherheit und Anonymit\u00e4t mit sicheren Zahlungsoptionen und einer 100%igen Liefergarantie. Unser Kundenservice ist rund um die Uhr f\u00fcr Sie da und unterst\u00fctzt Sie beim sicheren Kauf von Lorazepam. Lassen Sie nicht zu, dass Angst Ihr Leben bestimmt, machen Sie noch heute den ersten Schritt zu mehr Ruhe und Gelassenheit. Bestellen Sie jetzt, profitieren Sie von unseren besten Preisen und erleben Sie den Komfort, Ihre Medikamente online und absolut vertraulich zu kaufen. Ativan rezeptfrei kaufen.<\/p>\n<h3>Nebenwirkungen von Lorazepam: H\u00e4ufig und schwerwiegend<\/h3>\n<p>Wenn Lorazepam bestimmungsgem\u00e4\u00df verschrieben wird, kann es hilfreich sein. Es ist jedoch wichtig zu wissen, dass es mit einigen ernsthaften Risiken verbunden ist, insbesondere bei unsachgem\u00e4\u00dfer Anwendung.<\/p>\n<p>Hier sind einige m\u00f6gliche Nebenwirkungen:<\/p>\n<h4>H\u00e4ufige Nebenwirkungen:<\/h4>\n<ul>\n<li>Schl\u00e4frigkeit, Schwindel oder allgemeine Benommenheit.<\/li>\n<li>Schw\u00e4chegef\u00fchl oder Unsicherheit auf den Beinen.<\/li>\n<li>Ged\u00e4chtnisst\u00f6rungen, auch Amnesie genannt.<\/li>\n<\/ul>\n<h4>Schwerwiegendere und potenziell gef\u00e4hrlichere Nebenwirkungen:<\/h4>\n<ul>\n<li><strong>Atemprobleme<\/strong>: Lorazepam kann Ihre Atmung verlangsamen oder erschweren. Dies ist besonders gef\u00e4hrlich, wenn es mit anderen d\u00e4mpfenden Substanzen wie Alkohol oder Opioiden kombiniert wird, da es sogar t\u00f6dlich sein kann.<\/li>\n<li><strong>Abh\u00e4ngigkeit oder Sucht<\/strong>: Sie k\u00f6nnen relativ schnell k\u00f6rperlich abh\u00e4ngig von Lorazepam werden und sogar s\u00fcchtig werden, selbst wenn Sie es genau nach Vorschrift einnehmen.<\/li>\n<li><strong>Schwere Entzugserscheinungen<\/strong>: Wenn Sie die Einnahme von Lorazepam pl\u00f6tzlich abbrechen, kann es zu einem R\u00fcckfall Ihrer Angstzust\u00e4nde, starken Schlafst\u00f6rungen, Zittern und in schweren F\u00e4llen sogar zu lebensbedrohlichen Krampfanf\u00e4llen kommen.<\/li>\n<li><strong>Unerwartete Reaktionen<\/strong>: Manchmal reagieren Menschen unvorhersehbar auf Lorazepam, z. B. aufgeregt, aggressiv oder sogar halluzinogen.<\/li>\n<\/ul>\n<h2>H\u00e4ufig gestellte Fragen zum Lorazepam Kaufen Online<\/h2>\n<p><strong>Ist der legal von Lorazepam kaufen online?<\/strong> Ja, Sie k\u00f6nnen Lorazepam kaufen legal online bei uns, da wir eine lizenzierte Online-Apotheke sind.<\/p>\n<p><strong>Kann ich Lorazepam kaufen online ohne Rezept?<\/strong> Ja, absolut. Wir bieten einen Direktvertrieb an und umgehen so das teure und zeitaufw\u00e4ndige traditionelle Gesundheitssystem. Wir legen Wert auf einen einfachen Zugang zu Medikamenten, daher k\u00f6nnen Sie Lorazepam rezeptfrei kaufen.<\/p>\n<p><strong>Wie k\u00f6nnen Sie sich der Qualit\u00e4t von Lorazepam Verkauf beim sicher sein?<\/strong> Wir garantieren h\u00f6chste pharmazeutische Qualit\u00e4t. Unsere Produkte stammen von renommierten internationalen Laboren und werden von unabh\u00e4ngigen Laboren auf Reinheit und Wirksamkeit gepr\u00fcft. Jede Charge wird vor dem Verkauf \u00fcberpr\u00fcft.<\/p>\n<p><strong>Wo kann ich hier lorazepam ohne rezept kaufen?<\/strong> Unsere Apotheke ist die beste Online-Apotheke, in der Sie Lorazepam kaufen k\u00f6nnen. Wir versenden weltweit diskret und alle unsere Medikamente sind Originale.<\/p>\n<p><strong>Wie bekomme ich ein Rezept f\u00fcr Lorazepam?<\/strong> Warum sich den Aufwand antun? Ein Rezept erfordert einen Arzttermin, der teuer sein kann und m\u00f6glicherweise abgelehnt wird. Unser Service bietet Ihnen direkten Zugang ohne Rezept und spart Ihnen Zeit und Geld.<\/p>\n<p><strong>Was kostet Lorazepam?<\/strong> Lorazepam g\u00fcnstig Kaufen online nur bei Safe Medicine Apotheke. Wir bieten \u00e4u\u00dferst wettbewerbsf\u00e4hige Preise. Wir bieten au\u00dferdem Mengenrabatte und kostenlosen Versand bei gr\u00f6\u00dferen Bestellungen, um Ihnen das beste Preis-Leistungs-Verh\u00e4ltnis zu bieten.<\/p>\n<p>Lorazepam (Ativan\u00ae) ist ein h\u00e4ufig verschriebenes Medikament zur Behandlung von Angstst\u00f6rungen, Panikattacken und bestimmten Anfallsleiden. Es lindert die Symptome schnell und spielt eine entscheidende Rolle bei der effektiven Behandlung akuter Angstzust\u00e4nde und Anf\u00e4lle, wenn es bestimmungsgem\u00e4\u00df und unter \u00e4rztlicher Aufsicht angewendet wird.<\/p>\n","protected":false},"excerpt":{"rendered":"<p>Finden Sie sofortige Linderung bei starken Angstzust\u00e4nden und Schlaflosigkeit. Bestellen Sie authentische Lorazepam-Tabletten (Ativan) diskret online und lassen Sie sie sich \u00fcber Nacht nach Hause liefern. Kein \u00e4rztliches Rezept oder vorherige Genehmigung erforderlich.<\/p>\n","protected":false},"featured_media":358,"comment_status":"open","ping_status":"closed","template":"","meta":{"_uag_custom_page_level_css":"","_swt_meta_header_display":false,"_swt_meta_footer_display":false,"_swt_meta_site_title_display":false,"_swt_meta_sticky_header":false,"_swt_meta_transparent_header":false},"product_brand":[],"product_cat":[19],"product_tag":[138,201,141,204,200,202,203],"class_list":{"0":"post-41","1":"product","2":"type-product","3":"status-publish","4":"has-post-thumbnail","6":"product_cat-benzodiazepine","7":"product_tag-angstmedikation","8":"product_tag-ativan","9":"product_tag-benzodiazepin","10":"product_tag-kaufativan","11":"product_tag-lorazepam","12":"product_tag-lorazepam-dosierung","13":"product_tag-lorazepam-seite-effekte","15":"first","16":"instock","17":"shipping-taxable","18":"purchasable","19":"product-type-variable"},"spectra_custom_meta":{"rank_math_seo_score":["82"],"_rank_math_gtin_code":[""],"total_sales":["1"],"_tax_status":["taxable"],"_tax_class":[""],"_manage_stock":["no"],"_backorders":["no"],"_sold_individually":["no"],"_virtual":["no"],"_downloadable":["no"],"_download_limit":["-1"],"_download_expiry":["-1"],"_stock":[null],"_stock_status":["instock"],"_wc_average_rating":["0"],"_wc_review_count":["0"],"_product_version":["10.0.4"],"rank_math_internal_links_processed":["1"],"rank_math_primary_product_cat":["0"],"rank_math_title":["Lorazepam kaufen | Ativan ohne rezept kaufen: Medikamente gegen Angstzust\u00e4nde"],"rank_math_description":["Lorazepam Kaufen (Ativan) online ohne Rezept. Wir bieten diskreten Versand weltweit. Sichern Sie sich die besten Preise f\u00fcr Original-Lorazepam-Tabletten (0,5 mg, 1 mg und 2 mg) zur Linderung von Angstzust\u00e4nden und Schlaflosigkeit."],"rank_math_focus_keyword":["Lorazepam kaufen"],"_thumbnail_id":["358"],"_product_attributes":["a:2:{s:9:\"dosierung\";a:6:{s:4:\"name\";s:9:\"Dosierung\";s:5:\"value\";s:20:\"0,5 mg | 1 mg | 2 mg\";s:8:\"position\";i:0;s:10:\"is_visible\";i:1;s:12:\"is_variation\";i:1;s:11:\"is_taxonomy\";i:0;}s:5:\"menge\";a:6:{s:4:\"name\";s:5:\"Menge\";s:5:\"value\";s:58:\"30 Tabletten | 60 Tabletten | 90 Tabletten | 180 Tabletten\";s:8:\"position\";i:1;s:10:\"is_visible\";i:1;s:12:\"is_variation\";i:1;s:11:\"is_taxonomy\";i:0;}}"],"_edit_lock":["1763253836:2"],"_wp_old_slug":["lorazepam-attivan"],"_edit_last":["2"],"rank_math_primary_product_brand":["0"],"_price":["120","140","160","170","220","250","280","340","430","520","700","860"],"_uag_page_assets":["a:9:{s:3:\"css\";s:263:\".uag-blocks-common-selector{z-index:var(--z-index-desktop) !important}@media (max-width: 976px){.uag-blocks-common-selector{z-index:var(--z-index-tablet) !important}}@media (max-width: 767px){.uag-blocks-common-selector{z-index:var(--z-index-mobile) !important}}\n\";s:2:\"js\";s:0:\"\";s:18:\"current_block_list\";a:7:{i:0;s:11:\"core\/search\";i:1;s:10:\"core\/group\";i:2;s:12:\"core\/heading\";i:3;s:17:\"core\/latest-posts\";i:4;s:20:\"core\/latest-comments\";i:5;s:13:\"core\/archives\";i:6;s:15:\"core\/categories\";}s:8:\"uag_flag\";b:0;s:11:\"uag_version\";s:10:\"1776955598\";s:6:\"gfonts\";a:0:{}s:10:\"gfonts_url\";s:0:\"\";s:12:\"gfonts_files\";a:0:{}s:14:\"uag_faq_layout\";b:0;}"],"_uag_css_file_name":["uag-css-41.css"]},"uagb_featured_image_src":{"full":["https:\/\/safemedicinepharma.com\/de\/wp-content\/uploads\/sites\/2\/2024\/07\/lorazepam-ativan-2mg-tablets-pfizer.jpg",1000,1002,false],"thumbnail":["https:\/\/safemedicinepharma.com\/de\/wp-content\/uploads\/sites\/2\/2024\/07\/lorazepam-ativan-2mg-tablets-pfizer-150x150.jpg",150,150,true],"medium":["https:\/\/safemedicinepharma.com\/de\/wp-content\/uploads\/sites\/2\/2024\/07\/lorazepam-ativan-2mg-tablets-pfizer-300x300.jpg",300,300,true],"medium_large":["https:\/\/safemedicinepharma.com\/de\/wp-content\/uploads\/sites\/2\/2024\/07\/lorazepam-ativan-2mg-tablets-pfizer-768x768.jpg",768,768,true],"large":["https:\/\/safemedicinepharma.com\/de\/wp-content\/uploads\/sites\/2\/2024\/07\/lorazepam-ativan-2mg-tablets-pfizer-1024x1024.jpg",1024,1024,true],"1536x1536":["https:\/\/safemedicinepharma.com\/de\/wp-content\/uploads\/sites\/2\/2024\/07\/lorazepam-ativan-2mg-tablets-pfizer.jpg",1000,1002,false],"2048x2048":["https:\/\/safemedicinepharma.com\/de\/wp-content\/uploads\/sites\/2\/2024\/07\/lorazepam-ativan-2mg-tablets-pfizer.jpg",1000,1002,false],"woocommerce_thumbnail":["https:\/\/safemedicinepharma.com\/de\/wp-content\/uploads\/sites\/2\/2024\/07\/lorazepam-ativan-2mg-tablets-pfizer-300x300.jpg",300,300,true],"woocommerce_single":["https:\/\/safemedicinepharma.com\/de\/wp-content\/uploads\/sites\/2\/2024\/07\/lorazepam-ativan-2mg-tablets-pfizer-600x600.jpg",600,600,true],"woocommerce_gallery_thumbnail":["https:\/\/safemedicinepharma.com\/de\/wp-content\/uploads\/sites\/2\/2024\/07\/lorazepam-ativan-2mg-tablets-pfizer-100x100.jpg",100,100,true],"mailpoet_newsletter_max":["https:\/\/safemedicinepharma.com\/de\/wp-content\/uploads\/sites\/2\/2024\/07\/lorazepam-ativan-2mg-tablets-pfizer.jpg",1000,1002,false]},"uagb_author_info":{"display_name":"wpadmin","author_link":"https:\/\/safemedicinepharma.com\/de\/author\/"},"uagb_comment_info":0,"uagb_excerpt":"Finden Sie sofortige Linderung bei starken Angstzust\u00e4nden und Schlaflosigkeit. Bestellen Sie authentische Lorazepam-Tabletten (Ativan) diskret online und lassen Sie sie sich \u00fcber Nacht nach Hause liefern. Kein \u00e4rztliches Rezept oder vorherige Genehmigung erforderlich.","_links":{"self":[{"href":"https:\/\/safemedicinepharma.com\/de\/wp-json\/wp\/v2\/product\/41","targetHints":{"allow":["GET"]}}],"collection":[{"href":"https:\/\/safemedicinepharma.com\/de\/wp-json\/wp\/v2\/product"}],"about":[{"href":"https:\/\/safemedicinepharma.com\/de\/wp-json\/wp\/v2\/types\/product"}],"replies":[{"embeddable":true,"href":"https:\/\/safemedicinepharma.com\/de\/wp-json\/wp\/v2\/comments?post=41"}],"wp:featuredmedia":[{"embeddable":true,"href":"https:\/\/safemedicinepharma.com\/de\/wp-json\/wp\/v2\/media\/358"}],"wp:attachment":[{"href":"https:\/\/safemedicinepharma.com\/de\/wp-json\/wp\/v2\/media?parent=41"}],"wp:term":[{"taxonomy":"product_brand","embeddable":true,"href":"https:\/\/safemedicinepharma.com\/de\/wp-json\/wp\/v2\/product_brand?post=41"},{"taxonomy":"product_cat","embeddable":true,"href":"https:\/\/safemedicinepharma.com\/de\/wp-json\/wp\/v2\/product_cat?post=41"},{"taxonomy":"product_tag","embeddable":true,"href":"https:\/\/safemedicinepharma.com\/de\/wp-json\/wp\/v2\/product_tag?post=41"}],"curies":[{"name":"wp","href":"https:\/\/api.w.org\/{rel}","templated":true}]}}