{"id":38,"date":"2024-07-03T06:56:24","date_gmt":"2024-07-03T06:56:24","guid":{"rendered":"https:\/\/safemedicinepharma.com\/de\/?post_type=product&#038;p=38"},"modified":"2025-09-30T23:41:40","modified_gmt":"2025-09-30T23:41:40","slug":"xanax","status":"publish","type":"product","link":"https:\/\/safemedicinepharma.com\/de\/product\/xanax\/","title":{"rendered":"Alprazolam (Xanax) kaufen"},"content":{"rendered":"<h1>Alprazolam kaufen ohne rezept | Xanax kaufen<\/h1>\n<p><a href=\"https:\/\/safemedicinepharma.com\/de\/product\/xanax\/\">Alprazolam Xanax kaufen<\/a> ist ein Arzneistoff aus der Gruppe der <a href=\"https:\/\/de.wikipedia.org\/wiki\/Benzodiazepin\" target=\"_blank\" rel=\"noopener\">Benzodiazepine<\/a> mit mittlerer Wirkungsdauer, der zur kurzzeitigen Behandlung von Angst- und Panikst\u00f6rungen eingesetzt wird. Alprazolam (Xanax) wirkt d\u00e4mpfend auf das zentrale Nervensystem (ZNS) und ist eines der am h\u00e4ufigsten verschriebenen und anerkanntesten Psychopharmaka. Es ist f\u00fcr seine schnell einsetzende Wirkung bekannt.<\/p>\n<h2>Wof\u00fcr wird Xanax angewendet? Behandlung von Angstzust\u00e4nden, Panik und mehr<\/h2>\n<p>Xanax wird von \u00c4rzten f\u00fcr bestimmte, kurzfristige Situationen verschrieben:<\/p>\n<ul>\n<li><strong>Panikst\u00f6rung<\/strong>: Es ist zur Behandlung von Panikst\u00f6rungen mit oder ohne Agoraphobie (Angst vor Orten, die Panik ausl\u00f6sen k\u00f6nnen) zugelassen.<\/li>\n<li><strong>Angstst\u00f6rungen<\/strong>: Es wird zur kurzfristigen Linderung schwerer Angstsymptome eingesetzt, insbesondere bei generalisierten Angstst\u00f6rungen (GAS).<\/li>\n<li><strong>Angst im Zusammenhang mit Depressionen<\/strong>: Es wird manchmal au\u00dferhalb des Zulassungsbereichs zur Linderung von Angstzust\u00e4nden eingesetzt, die zusammen mit Depressionen auftreten k\u00f6nnen.<\/li>\n<\/ul>\n<p>Es handelt sich um ein Benzodiazepin mit kurzer Wirkdauer, dessen Wirkung schnell sp\u00fcrbar ist (oft innerhalb von 20\u201360 Minuten), aber auch relativ schnell nachl\u00e4sst. Xanax bars 2mg kaufen ohne rezept,\u00a0 xanax kaufen.<\/p>\n<h3>Die Nebenwirkungen von Xanax (Alprazolam) verstehen<\/h3>\n<p>Xanax ist ein starkes Medikament, das echte Linderung verschaffen kann. Es kann zwar \u00c4ngste schnell lindern, wirkt sich aber auch auf den gesamten K\u00f6rper aus, was unangenehm und f\u00fcr manche Menschen gef\u00e4hrlich sein kann.<\/p>\n<p>Menschenschl\u00e4frigkeit, Schwindel oder Unsicherheit treten h\u00e4ufig auf, insbesondere zu Beginn der Einnahme. Auch Ged\u00e4chtnisl\u00fccken k\u00f6nnen auftreten. Die schwerwiegenderen Risiken d\u00fcrfen jedoch nicht au\u00dfer Acht gelassen werden. Xanax kann die Atmung gef\u00e4hrlich verlangsamen, insbesondere in Kombination mit Alkohol, Opioiden oder anderen Beruhigungsmitteln. Dar\u00fcber hinaus kann der K\u00f6rper sehr schnell abh\u00e4ngig werden, und ein abruptes Absetzen kann schwere Entzugserscheinungen, einschlie\u00dflich Krampfanf\u00e4llen, verursachen.<\/p>\n<p>Aufgrund dieser erheblichen Risiken ist Xanax am sichersten, wenn es in der niedrigsten wirksamen Dosis und f\u00fcr den k\u00fcrzestm\u00f6glichen Zeitraum angewendet wird. Die Einnahme erfolgt unter engmaschiger \u00e4rztlicher Aufsicht, die Ihnen bei der Behandlung der Nebenwirkungen hilft und einen sicheren Plan f\u00fcr den Fall eines Absetzens erstellt. Alprazolam kaufen ohne rezept.<\/p>\n<h2>H\u00e4ufig gestellte Fragen zur Alprazolam bestellen online<\/h2>\n<p><strong>Ist es legal zu Xanax kaufen online?<\/strong> Ja, die von Alprazolam bestellen online bei Safe Medicine Pharmacy ist legal, da wir eine lizenzierte Online-Apotheke sind.<\/p>\n<p><strong>Kann man xanax ohne rezept kaufen?<\/strong> Ja, absolut. Sie k\u00f6nnen Alprazolam kaufen ohne Rezept und es wird diskret versendet und bis an Ihre Haust\u00fcr geliefert.<\/p>\n<p><strong>Wie k\u00f6nnen Sie sich der Qualit\u00e4t von online erh\u00e4ltlichen Xanax-Riegeln sicher sein? <\/strong>Wenn Sie Medikamente bei seri\u00f6sen und lizenzierten Online-Apotheken wie Safe Medicine Pharmacy bestellen, k\u00f6nnen Sie sich auf Qualit\u00e4t verlassen.<\/p>\n<p><strong>Wo kann man xanax kaufen?<\/strong> Safe Medicine Pharmacy ist die beste Online-Apotheke, in der Sie Xanax g\u00fcnstig kaufen k\u00f6nnen. Wir versenden weltweit diskret und zu g\u00fcnstigen Preisen.<\/p>\n<p>Xanax (Alprazolam) ist ein h\u00e4ufig verschriebenes Medikament zur Behandlung von Angstst\u00f6rungen und Panikattacken. Es lindert die Symptome \u00fcberm\u00e4\u00dfiger Sorgen und \u00c4ngste. Die Anwendung erfordert jedoch eine sorgf\u00e4ltige \u00dcberwachung und die Einhaltung der vorgeschriebenen Richtlinien, um Risiken zu minimieren und eine sichere und wirksame Behandlung zu gew\u00e4hrleisten.<\/p>\n<p>&nbsp;<\/p>\n","protected":false},"excerpt":{"rendered":"<p>zur Behandlung von Angst- und Panikst\u00f6rungen verwendet. Es funktioniert, indem es die Auswirkungen einer nat\u00fcrlichen Chemikalie im K\u00f6rper (GABA) verbessert.<\/p>\n","protected":false},"featured_media":366,"comment_status":"open","ping_status":"closed","template":"","meta":{"_uag_custom_page_level_css":"","_swt_meta_header_display":false,"_swt_meta_footer_display":false,"_swt_meta_site_title_display":false,"_swt_meta_sticky_header":false,"_swt_meta_transparent_header":false},"product_brand":[],"product_cat":[19],"product_tag":[572,566,567,568,563,569,570,564,565,571,556,558,545,555,552,554,559,560,553,561,562,225,229,231,573,227,228,557,230],"class_list":{"0":"post-38","1":"product","2":"type-product","3":"status-publish","4":"has-post-thumbnail","6":"product_cat-benzodiazepine","7":"product_tag-0-5-mg-alprazolam","8":"product_tag-alprazolam-0-25-mg-kaufen","9":"product_tag-alprazolam-0-5-mg-kaufen","10":"product_tag-alprazolam-1-mg-kaufen","11":"product_tag-alprazolam-1mg-preis","12":"product_tag-alprazolam-bestellen","13":"product_tag-alprazolam-deutschland","14":"product_tag-alprazolam-kaufen","15":"product_tag-alprazolam-kaufen-ohne-rezept","16":"product_tag-alprazolam-preis","17":"product_tag-alprazolam-produkte-guenstig-online-kaufen","18":"product_tag-alprazolam-xanax-kaufen","19":"product_tag-benzos-kaufen","20":"product_tag-ist-alprazolam-legal","21":"product_tag-ist-alprazolam-rezeptfrei-erhaeltlich","22":"product_tag-ist-der-besitz-von-alprazolam-verboten","23":"product_tag-kann-man-xanax-ohne-rezept-kaufen","24":"product_tag-kaufen-xanax","25":"product_tag-wer-kriegt-alprazolam","26":"product_tag-wo-kann-man-xanax-kaufen","27":"product_tag-wo-kaufe-ich-xanax-in-dresden","28":"product_tag-xanax","29":"product_tag-xanax-dosierung","30":"product_tag-xanax-vorstellung","31":"product_tag-xanax-bars-2mg-kaufen-ohne-rezept","32":"product_tag-xanax-fr-angst","33":"product_tag-xanax-for-panic-storn","34":"product_tag-xanax-kaufen","35":"product_tag-xanax-side-effects","37":"first","38":"instock","39":"shipping-taxable","40":"purchasable","41":"product-type-variable"},"spectra_custom_meta":{"rank_math_internal_links_processed":["1"],"rank_math_seo_score":["84"],"_rank_math_gtin_code":[""],"total_sales":["0"],"_tax_status":["taxable"],"_tax_class":[""],"_manage_stock":["no"],"_backorders":["no"],"_sold_individually":["no"],"_virtual":["no"],"_downloadable":["no"],"_download_limit":["-1"],"_download_expiry":["-1"],"_stock":[null],"_stock_status":["instock"],"_wc_average_rating":["0"],"_wc_review_count":["0"],"_product_version":["10.0.4"],"rank_math_primary_product_cat":["19"],"rank_math_title":["Xanax Kaufen online ohne Rezept | Bestellen Sie Alprazolam 2 mg Riegel - Medikamente gegen Angst- und Panikst\u00f6rungen"],"rank_math_description":["Xanax Kaufen (Alprazolam) online ohne Rezept. Wir bieten diskreten Versand weltweit zu g\u00fcnstigen Preisen f\u00fcr originale Xanax-Tabletten und -Riegel gegen Angst- und Panikst\u00f6rungen."],"rank_math_focus_keyword":["Xanax kaufen,Alprazolam kaufen"],"_thumbnail_id":["366"],"_product_attributes":["a:2:{s:9:\"dosierung\";a:6:{s:4:\"name\";s:9:\"Dosierung\";s:5:\"value\";s:30:\"0.25 mg | 0.5 mg | 1 mg | 2 mg\";s:8:\"position\";i:0;s:10:\"is_visible\";i:1;s:12:\"is_variation\";i:1;s:11:\"is_taxonomy\";i:0;}s:5:\"menge\";a:6:{s:4:\"name\";s:5:\"Menge\";s:5:\"value\";s:58:\"30 Tabletten | 60 Tabletten | 90 Tabletten | 180 Tabletten\";s:8:\"position\";i:1;s:10:\"is_visible\";i:1;s:12:\"is_variation\";i:1;s:11:\"is_taxonomy\";i:0;}}"],"_edit_lock":["1763594102:2"],"_edit_last":["2"],"rank_math_primary_product_brand":["0"],"_price":["160","180","200","220","240","300","340","380","400","460","480","520"],"_uag_page_assets":["a:9:{s:3:\"css\";s:263:\".uag-blocks-common-selector{z-index:var(--z-index-desktop) !important}@media (max-width: 976px){.uag-blocks-common-selector{z-index:var(--z-index-tablet) !important}}@media (max-width: 767px){.uag-blocks-common-selector{z-index:var(--z-index-mobile) !important}}\n\";s:2:\"js\";s:0:\"\";s:18:\"current_block_list\";a:7:{i:0;s:11:\"core\/search\";i:1;s:10:\"core\/group\";i:2;s:12:\"core\/heading\";i:3;s:17:\"core\/latest-posts\";i:4;s:20:\"core\/latest-comments\";i:5;s:13:\"core\/archives\";i:6;s:15:\"core\/categories\";}s:8:\"uag_flag\";b:0;s:11:\"uag_version\";s:10:\"1776955618\";s:6:\"gfonts\";a:0:{}s:10:\"gfonts_url\";s:0:\"\";s:12:\"gfonts_files\";a:0:{}s:14:\"uag_faq_layout\";b:0;}"],"_uag_css_file_name":["uag-css-38.css"]},"uagb_featured_image_src":{"full":["https:\/\/safemedicinepharma.com\/de\/wp-content\/uploads\/sites\/2\/2024\/07\/xanax.webp",1280,853,false],"thumbnail":["https:\/\/safemedicinepharma.com\/de\/wp-content\/uploads\/sites\/2\/2024\/07\/xanax-150x150.webp",150,150,true],"medium":["https:\/\/safemedicinepharma.com\/de\/wp-content\/uploads\/sites\/2\/2024\/07\/xanax-300x300.webp",300,300,true],"medium_large":["https:\/\/safemedicinepharma.com\/de\/wp-content\/uploads\/sites\/2\/2024\/07\/xanax-768x768.webp",768,768,true],"large":["https:\/\/safemedicinepharma.com\/de\/wp-content\/uploads\/sites\/2\/2024\/07\/xanax-1024x1024.webp",1024,1024,true],"1536x1536":["https:\/\/safemedicinepharma.com\/de\/wp-content\/uploads\/sites\/2\/2024\/07\/xanax.webp",1280,853,false],"2048x2048":["https:\/\/safemedicinepharma.com\/de\/wp-content\/uploads\/sites\/2\/2024\/07\/xanax.webp",1280,853,false],"woocommerce_thumbnail":["https:\/\/safemedicinepharma.com\/de\/wp-content\/uploads\/sites\/2\/2024\/07\/xanax-300x300.webp",300,300,true],"woocommerce_single":["https:\/\/safemedicinepharma.com\/de\/wp-content\/uploads\/sites\/2\/2024\/07\/xanax-600x600.webp",600,600,true],"woocommerce_gallery_thumbnail":["https:\/\/safemedicinepharma.com\/de\/wp-content\/uploads\/sites\/2\/2024\/07\/xanax-100x100.webp",100,100,true],"mailpoet_newsletter_max":["https:\/\/safemedicinepharma.com\/de\/wp-content\/uploads\/sites\/2\/2024\/07\/xanax.webp",1280,853,false]},"uagb_author_info":{"display_name":"wpadmin","author_link":"https:\/\/safemedicinepharma.com\/de\/author\/"},"uagb_comment_info":0,"uagb_excerpt":"zur Behandlung von Angst- und Panikst\u00f6rungen verwendet. Es funktioniert, indem es die Auswirkungen einer nat\u00fcrlichen Chemikalie im K\u00f6rper (GABA) verbessert.","_links":{"self":[{"href":"https:\/\/safemedicinepharma.com\/de\/wp-json\/wp\/v2\/product\/38","targetHints":{"allow":["GET"]}}],"collection":[{"href":"https:\/\/safemedicinepharma.com\/de\/wp-json\/wp\/v2\/product"}],"about":[{"href":"https:\/\/safemedicinepharma.com\/de\/wp-json\/wp\/v2\/types\/product"}],"replies":[{"embeddable":true,"href":"https:\/\/safemedicinepharma.com\/de\/wp-json\/wp\/v2\/comments?post=38"}],"wp:featuredmedia":[{"embeddable":true,"href":"https:\/\/safemedicinepharma.com\/de\/wp-json\/wp\/v2\/media\/366"}],"wp:attachment":[{"href":"https:\/\/safemedicinepharma.com\/de\/wp-json\/wp\/v2\/media?parent=38"}],"wp:term":[{"taxonomy":"product_brand","embeddable":true,"href":"https:\/\/safemedicinepharma.com\/de\/wp-json\/wp\/v2\/product_brand?post=38"},{"taxonomy":"product_cat","embeddable":true,"href":"https:\/\/safemedicinepharma.com\/de\/wp-json\/wp\/v2\/product_cat?post=38"},{"taxonomy":"product_tag","embeddable":true,"href":"https:\/\/safemedicinepharma.com\/de\/wp-json\/wp\/v2\/product_tag?post=38"}],"curies":[{"name":"wp","href":"https:\/\/api.w.org\/{rel}","templated":true}]}}